{"id":435,"date":"2021-03-23T03:00:18","date_gmt":"2021-03-23T03:00:18","guid":{"rendered":"https:\/\/appgoritmo.site\/kittscustom\/?page_id=435"},"modified":"2022-10-29T02:55:04","modified_gmt":"2022-10-29T02:55:04","slug":"contacto","status":"publish","type":"page","link":"https:\/\/www.kittscustoms.com\/es\/contacto\/","title":{"rendered":"Contacto"},"content":{"rendered":"<p>[av_section min_height=\u00bb min_height_pc=&#8217;25&#8217; min_height_px=&#8217;500px&#8217; padding=&#8217;default&#8217; custom_margin=&#8217;0px&#8217; custom_margin_sync=&#8217;true&#8217; color=&#8217;alternate_color&#8217; background=&#8217;bg_color&#8217; custom_bg=&#8217;#ffffff&#8217; background_gradient_color1=\u00bb background_gradient_color2=\u00bb background_gradient_direction=&#8217;vertical&#8217; src=\u00bb attachment=\u00bb attachment_size=\u00bb attach=&#8217;scroll&#8217; position=&#8217;top left&#8217; repeat=&#8217;no-repeat&#8217; video=\u00bb video_ratio=&#8217;16:9&#8242; overlay_opacity=&#8217;0.5&#8242; overlay_color=\u00bb overlay_pattern=\u00bb overlay_custom_pattern=\u00bb shadow=&#8217;no-shadow&#8217; bottom_border=&#8217;no-border-styling&#8217; bottom_border_diagonal_color=&#8217;#333333&#8242; bottom_border_diagonal_direction=\u00bb bottom_border_style=\u00bb custom_arrow_bg=\u00bb id=\u00bb custom_class=\u00bb template_class=\u00bb aria_label=\u00bb av_element_hidden_in_editor=&#8217;0&#8242; av_uid=&#8217;av-kmmwsg6y&#8217; sc_version=&#8217;1.0&#8242;]<\/p>\n<p>[av_one_half first av_uid=&#8217;av-10t1q3&#8242;]<\/p>\n<p>[av_heading heading=&#8217;Escr\u00edbenos para m\u00e1s informaci\u00f3n&#8217; tag=&#8217;h1&#8242; style=&#8217;blockquote modern-quote&#8217; subheading_active=\u00bb show_icon=\u00bb icon=&#8217;ue800&#8242; font=&#8217;entypo-fontello&#8217; size=\u00bb av-medium-font-size-title=\u00bb av-small-font-size-title=\u00bb av-mini-font-size-title=\u00bb subheading_size=&#8217;15&#8217; av-medium-font-size=\u00bb av-small-font-size=\u00bb av-mini-font-size=\u00bb icon_size=\u00bb av-medium-font-size-1=\u00bb av-small-font-size-1=\u00bb av-mini-font-size-1=\u00bb color=&#8217;custom-color-heading&#8217; custom_font=&#8217;#000000&#8242; icon_color=\u00bb margin=\u00bb margin_sync=&#8217;true&#8217; padding=&#8217;10&#8217; icon_padding=&#8217;10&#8217; link=\u00bb link_target=\u00bb id=\u00bb custom_class=\u00bb template_class=\u00bb av_uid=&#8217;av-kmmwsvmx&#8217; sc_version=&#8217;1.0&#8242; admin_preview_bg=\u00bb][\/av_heading]<\/p>\n<p>[\/av_one_half][av_one_half min_height=\u00bb vertical_alignment=&#8217;av-align-top&#8217; space=\u00bb row_boxshadow=\u00bb row_boxshadow_color=\u00bb row_boxshadow_width=&#8217;10&#8217; custom_margin=\u00bb margin=&#8217;0px&#8217; mobile_breaking=\u00bb border=\u00bb border_color=\u00bb radius=&#8217;0px&#8217; padding=&#8217;0px&#8217; column_boxshadow=\u00bb column_boxshadow_color=\u00bb column_boxshadow_width=&#8217;10&#8217; background=&#8217;bg_color&#8217; background_color=\u00bb background_gradient_color1=\u00bb background_gradient_color2=\u00bb background_gradient_direction=&#8217;vertical&#8217; src=\u00bb background_position=&#8217;top left&#8217; background_repeat=&#8217;no-repeat&#8217; highlight=\u00bb highlight_size=\u00bb animation=\u00bb link=\u00bb linktarget=\u00bb link_hover=\u00bb title_attr=\u00bb alt_attr=\u00bb mobile_display=\u00bb id=\u00bb custom_class=\u00bb template_class=\u00bb aria_label=\u00bb av_uid=&#8217;av-w70vf&#8217; sc_version=&#8217;1.0&#8242;]<\/p>\n<p>[av_contact title=\u00bb button=&#8217;Enviar&#8217; on_send=\u00bb sent=&#8217;Tu mensaje ha sido enviado exitosamente!&#8217; link=&#8217;manually,http:\/\/&#8217; captcha=\u00bb captcha_theme=&#8217;light&#8217; captcha_size=&#8217;normal&#8217; captcha_score=&#8217;0.5&#8242; email=&#8217;ventas@kittscustoms.com&#8217; from_email=\u00bb subject=\u00bb autoresponder_email=&#8217;ventas@kittscustoms.com&#8217; autoresponder_reply_to=\u00bb autoresponder_subject=\u00bb autorespond=\u00bb hide_labels=&#8217;aviaTBhide_labels&#8217; form_align=\u00bb color=&#8217;av-custom-form-color av-dark-form&#8217; heading_tag=\u00bb heading_class=\u00bb alb_description=\u00bb id=\u00bb custom_class=\u00bb template_class=\u00bb aria_label=\u00bb av_uid=&#8217;av-kmmwt5mk&#8217; sc_version=&#8217;1.0&#8242; admin_preview_bg=\u00bb]<br \/>\n[av_contact_field label=&#8217;Nombre&#8217; type=&#8217;text&#8217; options=\u00bb check=&#8217;is_empty&#8217; width=&#8217;element_half&#8217; av_uid=&#8217;av-p5gsb&#8217; sc_version=&#8217;1.0&#8242;][\/av_contact_field]<br \/>\n[av_contact_field label=&#8217;E-Mail&#8217; type=&#8217;text&#8217; options=\u00bb check=&#8217;is_email&#8217; width=&#8217;element_half&#8217; multi_select=\u00bb av_contact_preselect=\u00bb av_uid=&#8217;av-m6onf&#8217; sc_version=&#8217;1.0&#8242;][\/av_contact_field]<br \/>\n[av_contact_field label=&#8217;Asunto&#8217; type=&#8217;text&#8217; options=\u00bb check=&#8217;is_empty&#8217; width=\u00bb av_uid=&#8217;av-f45ub&#8217; sc_version=&#8217;1.0&#8242;][\/av_contact_field]<br \/>\n[av_contact_field label=&#8217;Mensaje&#8217; type=&#8217;textarea&#8217; options=\u00bb check=&#8217;is_empty&#8217; width=\u00bb av_uid=&#8217;av-a8nxv&#8217; sc_version=&#8217;1.0&#8242;][\/av_contact_field]<br \/>\n[\/av_contact]<\/p>\n<p>[\/av_one_half][\/av_section]<\/p>\n","protected":false},"excerpt":{"rendered":"<p>[av_section min_height=\u00bb min_height_pc=&#8217;25&#8217; min_height_px=&#8217;500px&#8217; padding=&#8217;default&#8217; custom_margin=&#8217;0px&#8217; custom_margin_sync=&#8217;true&#8217; color=&#8217;alternate_color&#8217; background=&#8217;bg_color&#8217; custom_bg=&#8217;#ffffff&#8217; background_gradient_color1=\u00bb background_gradient_color2=\u00bb background_gradient_direction=&#8217;vertical&#8217; src=\u00bb attachment=\u00bb attachment_size=\u00bb attach=&#8217;scroll&#8217; position=&#8217;top left&#8217; repeat=&#8217;no-repeat&#8217; video=\u00bb video_ratio=&#8217;16:9&#8242; overlay_opacity=&#8217;0.5&#8242; overlay_color=\u00bb overlay_pattern=\u00bb overlay_custom_pattern=\u00bb shadow=&#8217;no-shadow&#8217; bottom_border=&#8217;no-border-styling&#8217; bottom_border_diagonal_color=&#8217;#333333&#8242; bottom_border_diagonal_direction=\u00bb bottom_border_style=\u00bb custom_arrow_bg=\u00bb id=\u00bb custom_class=\u00bb template_class=\u00bb aria_label=\u00bb av_element_hidden_in_editor=&#8217;0&#8242; av_uid=&#8217;av-kmmwsg6y&#8217; sc_version=&#8217;1.0&#8242;] [av_one_half first av_uid=&#8217;av-10t1q3&#8242;] [av_heading heading=&#8217;Escr\u00edbenos para m\u00e1s informaci\u00f3n&#8217; tag=&#8217;h1&#8242; style=&#8217;blockquote modern-quote&#8217; subheading_active=\u00bb show_icon=\u00bb icon=&#8217;ue800&#8242; font=&#8217;entypo-fontello&#8217; size=\u00bb av-medium-font-size-title=\u00bb av-small-font-size-title=\u00bb av-mini-font-size-title=\u00bb subheading_size=&#8217;15&#8217; av-medium-font-size=\u00bb\u2026<\/p>\n","protected":false},"author":1,"featured_media":0,"parent":0,"menu_order":0,"comment_status":"closed","ping_status":"closed","template":"","meta":{"footnotes":""},"class_list":["post-435","page","type-page","status-publish","hentry"],"yoast_head":"<!-- This site is optimized with the Yoast SEO plugin v24.8.1 - https:\/\/yoast.com\/wordpress\/plugins\/seo\/ -->\n<title>Contacto - Kitts Customs<\/title>\n<meta name=\"robots\" content=\"index, follow, max-snippet:-1, max-image-preview:large, max-video-preview:-1\" \/>\n<link rel=\"canonical\" href=\"https:\/\/www.kittscustoms.com\/?page_id=681\" \/>\n<meta property=\"og:locale\" content=\"es_ES\" \/>\n<meta property=\"og:type\" content=\"article\" \/>\n<meta property=\"og:title\" content=\"Contacto - Kitts Customs\" \/>\n<meta property=\"og:description\" content=\"[av_section min_height=\u00bb min_height_pc=&#8217;25&#8217; min_height_px=&#8217;500px&#8217; padding=&#8217;default&#8217; custom_margin=&#8217;0px&#8217; custom_margin_sync=&#8217;true&#8217; color=&#8217;alternate_color&#8217; background=&#8217;bg_color&#8217; custom_bg=&#8217;#ffffff&#8217; background_gradient_color1=\u00bb background_gradient_color2=\u00bb background_gradient_direction=&#8217;vertical&#8217; src=\u00bb attachment=\u00bb attachment_size=\u00bb attach=&#8217;scroll&#8217; position=&#8217;top left&#8217; repeat=&#8217;no-repeat&#8217; video=\u00bb video_ratio=&#8217;16:9&#8242; overlay_opacity=&#8217;0.5&#8242; overlay_color=\u00bb overlay_pattern=\u00bb overlay_custom_pattern=\u00bb shadow=&#8217;no-shadow&#8217; bottom_border=&#8217;no-border-styling&#8217; bottom_border_diagonal_color=&#8217;#333333&#8242; bottom_border_diagonal_direction=\u00bb bottom_border_style=\u00bb custom_arrow_bg=\u00bb id=\u00bb custom_class=\u00bb template_class=\u00bb aria_label=\u00bb av_element_hidden_in_editor=&#8217;0&#8242; av_uid=&#8217;av-kmmwsg6y&#8217; sc_version=&#8217;1.0&#8242;] [av_one_half first av_uid=&#8217;av-10t1q3&#8242;] [av_heading heading=&#8217;Escr\u00edbenos para m\u00e1s informaci\u00f3n&#8217; tag=&#8217;h1&#8242; style=&#8217;blockquote modern-quote&#8217; subheading_active=\u00bb show_icon=\u00bb icon=&#8217;ue800&#8242; font=&#8217;entypo-fontello&#8217; size=\u00bb av-medium-font-size-title=\u00bb av-small-font-size-title=\u00bb av-mini-font-size-title=\u00bb subheading_size=&#8217;15&#8217; av-medium-font-size=\u00bb\u2026\" \/>\n<meta property=\"og:url\" content=\"https:\/\/www.kittscustoms.com\/?page_id=681\" \/>\n<meta property=\"og:site_name\" content=\"Kitts Customs\" \/>\n<meta property=\"article:modified_time\" content=\"2022-10-29T02:55:04+00:00\" \/>\n<meta name=\"twitter:card\" content=\"summary_large_image\" \/>\n<meta name=\"twitter:label1\" content=\"Tiempo de lectura\" \/>\n\t<meta name=\"twitter:data1\" content=\"3 minutos\" \/>\n<script type=\"application\/ld+json\" class=\"yoast-schema-graph\">{\"@context\":\"https:\/\/schema.org\",\"@graph\":[{\"@type\":\"WebPage\",\"@id\":\"https:\/\/www.kittscustoms.com\/?page_id=681\",\"url\":\"https:\/\/www.kittscustoms.com\/?page_id=681\",\"name\":\"Contacto - Kitts Customs\",\"isPartOf\":{\"@id\":\"https:\/\/www.kittscustoms.com\/#website\"},\"datePublished\":\"2021-03-23T03:00:18+00:00\",\"dateModified\":\"2022-10-29T02:55:04+00:00\",\"breadcrumb\":{\"@id\":\"https:\/\/www.kittscustoms.com\/?page_id=681#breadcrumb\"},\"inLanguage\":\"es\",\"potentialAction\":[{\"@type\":\"ReadAction\",\"target\":[\"https:\/\/www.kittscustoms.com\/?page_id=681\"]}]},{\"@type\":\"BreadcrumbList\",\"@id\":\"https:\/\/www.kittscustoms.com\/?page_id=681#breadcrumb\",\"itemListElement\":[{\"@type\":\"ListItem\",\"position\":1,\"name\":\"Home\",\"item\":\"https:\/\/www.kittscustoms.com\/\"},{\"@type\":\"ListItem\",\"position\":2,\"name\":\"Contacto\"}]},{\"@type\":\"WebSite\",\"@id\":\"https:\/\/www.kittscustoms.com\/#website\",\"url\":\"https:\/\/www.kittscustoms.com\/\",\"name\":\"Kitts Customs\",\"description\":\"Official Store\",\"publisher\":{\"@id\":\"https:\/\/www.kittscustoms.com\/#organization\"},\"potentialAction\":[{\"@type\":\"SearchAction\",\"target\":{\"@type\":\"EntryPoint\",\"urlTemplate\":\"https:\/\/www.kittscustoms.com\/?s={search_term_string}\"},\"query-input\":{\"@type\":\"PropertyValueSpecification\",\"valueRequired\":true,\"valueName\":\"search_term_string\"}}],\"inLanguage\":\"es\"},{\"@type\":\"Organization\",\"@id\":\"https:\/\/www.kittscustoms.com\/#organization\",\"name\":\"Kitts Customs\",\"url\":\"https:\/\/www.kittscustoms.com\/\",\"logo\":{\"@type\":\"ImageObject\",\"inLanguage\":\"es\",\"@id\":\"https:\/\/www.kittscustoms.com\/#\/schema\/logo\/image\/\",\"url\":\"https:\/\/quizzical-goldstine.69-48-203-84.plesk.page\/wp-content\/uploads\/2021\/03\/logokitts.png\",\"contentUrl\":\"https:\/\/quizzical-goldstine.69-48-203-84.plesk.page\/wp-content\/uploads\/2021\/03\/logokitts.png\",\"width\":457,\"height\":300,\"caption\":\"Kitts Customs\"},\"image\":{\"@id\":\"https:\/\/www.kittscustoms.com\/#\/schema\/logo\/image\/\"}}]}<\/script>\n<!-- \/ Yoast SEO plugin. -->","yoast_head_json":{"title":"Contacto - Kitts Customs","robots":{"index":"index","follow":"follow","max-snippet":"max-snippet:-1","max-image-preview":"max-image-preview:large","max-video-preview":"max-video-preview:-1"},"canonical":"https:\/\/www.kittscustoms.com\/?page_id=681","og_locale":"es_ES","og_type":"article","og_title":"Contacto - Kitts Customs","og_description":"[av_section min_height=\u00bb min_height_pc=&#8217;25&#8217; min_height_px=&#8217;500px&#8217; padding=&#8217;default&#8217; custom_margin=&#8217;0px&#8217; custom_margin_sync=&#8217;true&#8217; color=&#8217;alternate_color&#8217; background=&#8217;bg_color&#8217; custom_bg=&#8217;#ffffff&#8217; background_gradient_color1=\u00bb background_gradient_color2=\u00bb background_gradient_direction=&#8217;vertical&#8217; src=\u00bb attachment=\u00bb attachment_size=\u00bb attach=&#8217;scroll&#8217; position=&#8217;top left&#8217; repeat=&#8217;no-repeat&#8217; video=\u00bb video_ratio=&#8217;16:9&#8242; overlay_opacity=&#8217;0.5&#8242; overlay_color=\u00bb overlay_pattern=\u00bb overlay_custom_pattern=\u00bb shadow=&#8217;no-shadow&#8217; bottom_border=&#8217;no-border-styling&#8217; bottom_border_diagonal_color=&#8217;#333333&#8242; bottom_border_diagonal_direction=\u00bb bottom_border_style=\u00bb custom_arrow_bg=\u00bb id=\u00bb custom_class=\u00bb template_class=\u00bb aria_label=\u00bb av_element_hidden_in_editor=&#8217;0&#8242; av_uid=&#8217;av-kmmwsg6y&#8217; sc_version=&#8217;1.0&#8242;] [av_one_half first av_uid=&#8217;av-10t1q3&#8242;] [av_heading heading=&#8217;Escr\u00edbenos para m\u00e1s informaci\u00f3n&#8217; tag=&#8217;h1&#8242; style=&#8217;blockquote modern-quote&#8217; subheading_active=\u00bb show_icon=\u00bb icon=&#8217;ue800&#8242; font=&#8217;entypo-fontello&#8217; size=\u00bb av-medium-font-size-title=\u00bb av-small-font-size-title=\u00bb av-mini-font-size-title=\u00bb subheading_size=&#8217;15&#8217; av-medium-font-size=\u00bb\u2026","og_url":"https:\/\/www.kittscustoms.com\/?page_id=681","og_site_name":"Kitts Customs","article_modified_time":"2022-10-29T02:55:04+00:00","twitter_card":"summary_large_image","twitter_misc":{"Tiempo de lectura":"3 minutos"},"schema":{"@context":"https:\/\/schema.org","@graph":[{"@type":"WebPage","@id":"https:\/\/www.kittscustoms.com\/?page_id=681","url":"https:\/\/www.kittscustoms.com\/?page_id=681","name":"Contacto - Kitts Customs","isPartOf":{"@id":"https:\/\/www.kittscustoms.com\/#website"},"datePublished":"2021-03-23T03:00:18+00:00","dateModified":"2022-10-29T02:55:04+00:00","breadcrumb":{"@id":"https:\/\/www.kittscustoms.com\/?page_id=681#breadcrumb"},"inLanguage":"es","potentialAction":[{"@type":"ReadAction","target":["https:\/\/www.kittscustoms.com\/?page_id=681"]}]},{"@type":"BreadcrumbList","@id":"https:\/\/www.kittscustoms.com\/?page_id=681#breadcrumb","itemListElement":[{"@type":"ListItem","position":1,"name":"Home","item":"https:\/\/www.kittscustoms.com\/"},{"@type":"ListItem","position":2,"name":"Contacto"}]},{"@type":"WebSite","@id":"https:\/\/www.kittscustoms.com\/#website","url":"https:\/\/www.kittscustoms.com\/","name":"Kitts Customs","description":"Official Store","publisher":{"@id":"https:\/\/www.kittscustoms.com\/#organization"},"potentialAction":[{"@type":"SearchAction","target":{"@type":"EntryPoint","urlTemplate":"https:\/\/www.kittscustoms.com\/?s={search_term_string}"},"query-input":{"@type":"PropertyValueSpecification","valueRequired":true,"valueName":"search_term_string"}}],"inLanguage":"es"},{"@type":"Organization","@id":"https:\/\/www.kittscustoms.com\/#organization","name":"Kitts Customs","url":"https:\/\/www.kittscustoms.com\/","logo":{"@type":"ImageObject","inLanguage":"es","@id":"https:\/\/www.kittscustoms.com\/#\/schema\/logo\/image\/","url":"https:\/\/quizzical-goldstine.69-48-203-84.plesk.page\/wp-content\/uploads\/2021\/03\/logokitts.png","contentUrl":"https:\/\/quizzical-goldstine.69-48-203-84.plesk.page\/wp-content\/uploads\/2021\/03\/logokitts.png","width":457,"height":300,"caption":"Kitts Customs"},"image":{"@id":"https:\/\/www.kittscustoms.com\/#\/schema\/logo\/image\/"}}]}},"_links":{"self":[{"href":"https:\/\/www.kittscustoms.com\/es\/wp-json\/wp\/v2\/pages\/435","targetHints":{"allow":["GET"]}}],"collection":[{"href":"https:\/\/www.kittscustoms.com\/es\/wp-json\/wp\/v2\/pages"}],"about":[{"href":"https:\/\/www.kittscustoms.com\/es\/wp-json\/wp\/v2\/types\/page"}],"author":[{"embeddable":true,"href":"https:\/\/www.kittscustoms.com\/es\/wp-json\/wp\/v2\/users\/1"}],"replies":[{"embeddable":true,"href":"https:\/\/www.kittscustoms.com\/es\/wp-json\/wp\/v2\/comments?post=435"}],"version-history":[{"count":14,"href":"https:\/\/www.kittscustoms.com\/es\/wp-json\/wp\/v2\/pages\/435\/revisions"}],"predecessor-version":[{"id":1197,"href":"https:\/\/www.kittscustoms.com\/es\/wp-json\/wp\/v2\/pages\/435\/revisions\/1197"}],"wp:attachment":[{"href":"https:\/\/www.kittscustoms.com\/es\/wp-json\/wp\/v2\/media?parent=435"}],"curies":[{"name":"wp","href":"https:\/\/api.w.org\/{rel}","templated":true}]}}